{"id":2940,"date":"2024-05-29T23:58:15","date_gmt":"2024-05-30T02:58:15","guid":{"rendered":"https:\/\/cytoliq.com.br\/loja\/sin categor\u00eda\/filtro-de-membrana-cytofilter-flex-para-citologia\/"},"modified":"2026-01-27T16:47:11","modified_gmt":"2026-01-27T19:47:11","slug":"filtro-de-membrana-cytofilter-flex-para-citologia","status":"publish","type":"product","link":"https:\/\/cytoliq.com.br\/es\/loja\/suministros-para-citologia\/filtros-para-citologia-es\/filtro-de-membrana-cytofilter-flex-para-citologia\/","title":{"rendered":"Filtro de membrana Cytofilter Flex para citolog\u00eda"},"content":{"rendered":"","protected":false},"excerpt":{"rendered":"<p>Filtro para citolog\u00eda de base l\u00edquida, de pl\u00e1stico transl\u00facido de forma cil\u00edndrica, con membrana filtrante desechable, compatible con los sistemas TPK F\u00e9nix y Thinprep 2000, envase con 50 filtros. Marca: CYTOLIQ.<\/p>\n","protected":false},"featured_media":938,"comment_status":"open","ping_status":"closed","template":"","meta":[],"product_brand":[],"product_cat":[287],"product_tag":[306,443,238,236,320,444,321,239],"class_list":{"0":"post-2940","1":"product","2":"type-product","3":"status-publish","4":"has-post-thumbnail","6":"product_cat-filtros-para-citologia-es","7":"product_tag-base-de-maquillaje-liquida","8":"product_tag-citofiltro","9":"product_tag-citoliq","10":"product_tag-citologia-es","11":"product_tag-filtro-es","12":"product_tag-flex-es","13":"product_tag-ginecologico-es-2","14":"product_tag-medio-liquido","16":"first","17":"instock","18":"shipping-taxable","19":"purchasable","20":"product-type-simple"},"_links":{"self":[{"href":"https:\/\/cytoliq.com.br\/es\/wp-json\/wp\/v2\/product\/2940","targetHints":{"allow":["GET"]}}],"collection":[{"href":"https:\/\/cytoliq.com.br\/es\/wp-json\/wp\/v2\/product"}],"about":[{"href":"https:\/\/cytoliq.com.br\/es\/wp-json\/wp\/v2\/types\/product"}],"replies":[{"embeddable":true,"href":"https:\/\/cytoliq.com.br\/es\/wp-json\/wp\/v2\/comments?post=2940"}],"version-history":[{"count":0,"href":"https:\/\/cytoliq.com.br\/es\/wp-json\/wp\/v2\/product\/2940\/revisions"}],"wp:featuredmedia":[{"embeddable":true,"href":"https:\/\/cytoliq.com.br\/es\/wp-json\/wp\/v2\/media\/938"}],"wp:attachment":[{"href":"https:\/\/cytoliq.com.br\/es\/wp-json\/wp\/v2\/media?parent=2940"}],"wp:term":[{"taxonomy":"product_brand","embeddable":true,"href":"https:\/\/cytoliq.com.br\/es\/wp-json\/wp\/v2\/product_brand?post=2940"},{"taxonomy":"product_cat","embeddable":true,"href":"https:\/\/cytoliq.com.br\/es\/wp-json\/wp\/v2\/product_cat?post=2940"},{"taxonomy":"product_tag","embeddable":true,"href":"https:\/\/cytoliq.com.br\/es\/wp-json\/wp\/v2\/product_tag?post=2940"}],"curies":[{"name":"wp","href":"https:\/\/api.w.org\/{rel}","templated":true}]}}