{"id":2921,"date":"2024-08-23T10:33:04","date_gmt":"2024-08-23T13:33:04","guid":{"rendered":"https:\/\/cytoliq.com.br\/loja\/sin categor\u00eda\/kit-de-citologia-para-tincion-de-papanicolaou\/"},"modified":"2026-04-20T18:08:49","modified_gmt":"2026-04-20T21:08:49","slug":"kit-de-citologia-para-tincion-de-papanicolaou","status":"publish","type":"product","link":"https:\/\/cytoliq.com.br\/es\/loja\/diluyentes-y-colorantes\/kit-de-citologia-para-tincion-de-papanicolaou\/","title":{"rendered":"Kit de citolog\u00eda para tinci\u00f3n de Papanicolaou"},"content":{"rendered":"","protected":false},"excerpt":{"rendered":"<p>El Kit Citol\u00f3gico de Papanicolaou Cytoliq es la elecci\u00f3n ideal para los laboratorios que buscan precisi\u00f3n y fiabilidad en la tinci\u00f3n citol\u00f3gica de Papanicolaou. Este kit completo contiene tres colorantes esenciales: Hematoxilina Harris, Naranja G y EA36, todos ellos en frascos de 1000 ml o 5000 ml, listos para usar.<\/p>\n","protected":false},"featured_media":2910,"comment_status":"open","ping_status":"closed","template":"","meta":[],"product_brand":[],"product_cat":[281],"product_tag":[236,293,294,297,295,296],"class_list":{"0":"post-2921","1":"product","2":"type-product","3":"status-publish","4":"has-post-thumbnail","6":"product_cat-diluyentes-y-colorantes","7":"product_tag-citologia-es","8":"product_tag-colorear","9":"product_tag-colorear-es","10":"product_tag-histologia-es","11":"product_tag-naranja-g","12":"product_tag-naranja-g-es","14":"first","15":"instock","16":"shipping-taxable","17":"purchasable","18":"product-type-variable"},"_links":{"self":[{"href":"https:\/\/cytoliq.com.br\/es\/wp-json\/wp\/v2\/product\/2921","targetHints":{"allow":["GET"]}}],"collection":[{"href":"https:\/\/cytoliq.com.br\/es\/wp-json\/wp\/v2\/product"}],"about":[{"href":"https:\/\/cytoliq.com.br\/es\/wp-json\/wp\/v2\/types\/product"}],"replies":[{"embeddable":true,"href":"https:\/\/cytoliq.com.br\/es\/wp-json\/wp\/v2\/comments?post=2921"}],"version-history":[{"count":0,"href":"https:\/\/cytoliq.com.br\/es\/wp-json\/wp\/v2\/product\/2921\/revisions"}],"wp:featuredmedia":[{"embeddable":true,"href":"https:\/\/cytoliq.com.br\/es\/wp-json\/wp\/v2\/media\/2910"}],"wp:attachment":[{"href":"https:\/\/cytoliq.com.br\/es\/wp-json\/wp\/v2\/media?parent=2921"}],"wp:term":[{"taxonomy":"product_brand","embeddable":true,"href":"https:\/\/cytoliq.com.br\/es\/wp-json\/wp\/v2\/product_brand?post=2921"},{"taxonomy":"product_cat","embeddable":true,"href":"https:\/\/cytoliq.com.br\/es\/wp-json\/wp\/v2\/product_cat?post=2921"},{"taxonomy":"product_tag","embeddable":true,"href":"https:\/\/cytoliq.com.br\/es\/wp-json\/wp\/v2\/product_tag?post=2921"}],"curies":[{"name":"wp","href":"https:\/\/api.w.org\/{rel}","templated":true}]}}