{"id":1855,"date":"2024-05-30T00:53:48","date_gmt":"2024-05-30T03:53:48","guid":{"rendered":"https:\/\/cytoliq.com.br\/loja\/sin categor\u00eda\/kit-para-laboraotrio-spin\/"},"modified":"2026-01-27T16:46:40","modified_gmt":"2026-01-27T19:46:40","slug":"kit-para-laboraotrio-spin","status":"publish","type":"product","link":"https:\/\/cytoliq.com.br\/es\/loja\/suministros-para-citologia\/kits-de-recoleccion-citologica\/kit-para-laboraotrio-spin\/","title":{"rendered":"Kit para Laboraotrio &#8211; Spin"},"content":{"rendered":"","protected":false},"excerpt":{"rendered":"<p>El <strong>Kit de Laboratorio SPIN<\/strong> es esencial para los laboratorios que realizan citolog\u00eda l\u00edquida de alta precisi\u00f3n. Este kit ha sido cuidadosamente dise\u00f1ado para proporcionar todos los componentes necesarios para centrifugar, pipetear y preparar preparaciones microsc\u00f3picas para citolog\u00eda en medio l\u00edquido, garantizando resultados fiables y de m\u00e1xima calidad.<\/p>\n","protected":false},"featured_media":916,"comment_status":"open","ping_status":"closed","template":"","meta":[],"product_brand":[],"product_cat":[234,289],"product_tag":[306,316,238,236,325,318,328,331,239,319,329],"class_list":{"0":"post-1855","1":"product","2":"type-product","3":"status-publish","4":"has-post-thumbnail","6":"product_cat-metodo-manual-es","7":"product_cat-kits-de-recoleccion-citologica","8":"product_tag-base-de-maquillaje-liquida","9":"product_tag-cepillar","10":"product_tag-citoliq","11":"product_tag-citologia-es","12":"product_tag-coleccion","13":"product_tag-ginecologico-es","14":"product_tag-kit-es","15":"product_tag-manual-es","16":"product_tag-medio-liquido","17":"product_tag-papanicolaou","18":"product_tag-premium-es","20":"first","21":"instock","22":"shipping-taxable","23":"purchasable","24":"product-type-simple"},"_links":{"self":[{"href":"https:\/\/cytoliq.com.br\/es\/wp-json\/wp\/v2\/product\/1855","targetHints":{"allow":["GET"]}}],"collection":[{"href":"https:\/\/cytoliq.com.br\/es\/wp-json\/wp\/v2\/product"}],"about":[{"href":"https:\/\/cytoliq.com.br\/es\/wp-json\/wp\/v2\/types\/product"}],"replies":[{"embeddable":true,"href":"https:\/\/cytoliq.com.br\/es\/wp-json\/wp\/v2\/comments?post=1855"}],"version-history":[{"count":0,"href":"https:\/\/cytoliq.com.br\/es\/wp-json\/wp\/v2\/product\/1855\/revisions"}],"wp:featuredmedia":[{"embeddable":true,"href":"https:\/\/cytoliq.com.br\/es\/wp-json\/wp\/v2\/media\/916"}],"wp:attachment":[{"href":"https:\/\/cytoliq.com.br\/es\/wp-json\/wp\/v2\/media?parent=1855"}],"wp:term":[{"taxonomy":"product_brand","embeddable":true,"href":"https:\/\/cytoliq.com.br\/es\/wp-json\/wp\/v2\/product_brand?post=1855"},{"taxonomy":"product_cat","embeddable":true,"href":"https:\/\/cytoliq.com.br\/es\/wp-json\/wp\/v2\/product_cat?post=1855"},{"taxonomy":"product_tag","embeddable":true,"href":"https:\/\/cytoliq.com.br\/es\/wp-json\/wp\/v2\/product_tag?post=1855"}],"curies":[{"name":"wp","href":"https:\/\/api.w.org\/{rel}","templated":true}]}}