{"id":1851,"date":"2024-05-30T00:51:45","date_gmt":"2024-05-30T03:51:45","guid":{"rendered":"https:\/\/cytoliq.com.br\/loja\/sin categor\u00eda\/kit-para-laboratorio-impress\/"},"modified":"2026-01-27T16:46:44","modified_gmt":"2026-01-27T19:46:44","slug":"kit-para-laboratorio-impress","status":"publish","type":"product","link":"https:\/\/cytoliq.com.br\/es\/loja\/suministros-para-citologia\/kits-de-recoleccion-citologica\/kit-para-laboratorio-impress\/","title":{"rendered":"Kit para Laboratorio &#8211; Impress"},"content":{"rendered":"","protected":false},"excerpt":{"rendered":"<p>El Kit exclusivo de uso en laboratorio para CytoLiq IMPRESS One o DUO es la soluci\u00f3n ideal para sus necesidades de automatizaci\u00f3n en el laboratorio. Este kit se ha desarrollado meticulosamente para garantizar la m\u00e1xima eficacia y precisi\u00f3n en los procedimientos de citolog\u00eda, ya que contiene filtros dobles y portaobjetos de microscop\u00eda de alta calidad.<\/p>\n","protected":false},"featured_media":918,"comment_status":"open","ping_status":"closed","template":"","meta":[],"product_brand":[],"product_cat":[289,283],"product_tag":[306,316,238,236,325,318,328,239,319,329,330],"class_list":{"0":"post-1851","1":"product","2":"type-product","3":"status-publish","4":"has-post-thumbnail","6":"product_cat-kits-de-recoleccion-citologica","7":"product_cat-metodo-semiautomatico","8":"product_tag-base-de-maquillaje-liquida","9":"product_tag-cepillar","10":"product_tag-citoliq","11":"product_tag-citologia-es","12":"product_tag-coleccion","13":"product_tag-ginecologico-es","14":"product_tag-kit-es","15":"product_tag-medio-liquido","16":"product_tag-papanicolaou","17":"product_tag-premium-es","18":"product_tag-semiautomatico","20":"first","21":"instock","22":"shipping-taxable","23":"purchasable","24":"product-type-simple"},"_links":{"self":[{"href":"https:\/\/cytoliq.com.br\/es\/wp-json\/wp\/v2\/product\/1851","targetHints":{"allow":["GET"]}}],"collection":[{"href":"https:\/\/cytoliq.com.br\/es\/wp-json\/wp\/v2\/product"}],"about":[{"href":"https:\/\/cytoliq.com.br\/es\/wp-json\/wp\/v2\/types\/product"}],"replies":[{"embeddable":true,"href":"https:\/\/cytoliq.com.br\/es\/wp-json\/wp\/v2\/comments?post=1851"}],"version-history":[{"count":0,"href":"https:\/\/cytoliq.com.br\/es\/wp-json\/wp\/v2\/product\/1851\/revisions"}],"wp:featuredmedia":[{"embeddable":true,"href":"https:\/\/cytoliq.com.br\/es\/wp-json\/wp\/v2\/media\/918"}],"wp:attachment":[{"href":"https:\/\/cytoliq.com.br\/es\/wp-json\/wp\/v2\/media?parent=1851"}],"wp:term":[{"taxonomy":"product_brand","embeddable":true,"href":"https:\/\/cytoliq.com.br\/es\/wp-json\/wp\/v2\/product_brand?post=1851"},{"taxonomy":"product_cat","embeddable":true,"href":"https:\/\/cytoliq.com.br\/es\/wp-json\/wp\/v2\/product_cat?post=1851"},{"taxonomy":"product_tag","embeddable":true,"href":"https:\/\/cytoliq.com.br\/es\/wp-json\/wp\/v2\/product_tag?post=1851"}],"curies":[{"name":"wp","href":"https:\/\/api.w.org\/{rel}","templated":true}]}}