{"id":1838,"date":"2024-05-30T00:31:05","date_gmt":"2024-05-30T03:31:05","guid":{"rendered":"https:\/\/cytoliq.com.br\/loja\/sin categor\u00eda\/frasco-de-recogida-citologica-premium-ginecologico\/"},"modified":"2026-01-27T16:46:56","modified_gmt":"2026-01-27T19:46:56","slug":"frasco-de-recogida-citologica-premium-ginecologico","status":"publish","type":"product","link":"https:\/\/cytoliq.com.br\/es\/loja\/suministros-para-citologia\/frasco-de-recoleccion-citologica\/frasco-de-recogida-citologica-premium-ginecologico\/","title":{"rendered":"Frasco de Recogida citol\u00f3gica Premium &#8211; Ginecol\u00f3gico"},"content":{"rendered":"","protected":false},"excerpt":{"rendered":"<p>El Frasco Ginecol\u00f3gico Cytoliq PREMIUM es la elecci\u00f3n ideal para recoger, transportar y almacenar muestras citol\u00f3gicas de base l\u00edquida. El vial de alta calidad tiene un tap\u00f3n de rosca que anti-goteo, garantizando la seguridad de las muestras durante el transporte y el almacenamiento Cada frasco contiene 20 ml de soluci\u00f3n fijadora espec\u00edfica para uso ginecol\u00f3gico, lo que garantiza una conservaci\u00f3n \u00f3ptima de las c\u00e9lulas hasta su an\u00e1lisis.<\/p>\n","protected":false},"featured_media":1110,"comment_status":"open","ping_status":"closed","template":"","meta":[],"product_brand":[],"product_cat":[288],"product_tag":[306,238,236,325,324,239,327,319,326],"class_list":{"0":"post-1838","1":"product","2":"type-product","3":"status-publish","4":"has-post-thumbnail","6":"product_cat-frasco-de-recoleccion-citologica","7":"product_tag-base-de-maquillaje-liquida","8":"product_tag-citoliq","9":"product_tag-citologia-es","10":"product_tag-coleccion","11":"product_tag-frasco-es","12":"product_tag-medio-liquido","13":"product_tag-no-ginecologico","14":"product_tag-papanicolaou","15":"product_tag-pop-es","17":"first","18":"instock","19":"shipping-taxable","20":"purchasable","21":"product-type-simple"},"_links":{"self":[{"href":"https:\/\/cytoliq.com.br\/es\/wp-json\/wp\/v2\/product\/1838","targetHints":{"allow":["GET"]}}],"collection":[{"href":"https:\/\/cytoliq.com.br\/es\/wp-json\/wp\/v2\/product"}],"about":[{"href":"https:\/\/cytoliq.com.br\/es\/wp-json\/wp\/v2\/types\/product"}],"replies":[{"embeddable":true,"href":"https:\/\/cytoliq.com.br\/es\/wp-json\/wp\/v2\/comments?post=1838"}],"version-history":[{"count":0,"href":"https:\/\/cytoliq.com.br\/es\/wp-json\/wp\/v2\/product\/1838\/revisions"}],"wp:featuredmedia":[{"embeddable":true,"href":"https:\/\/cytoliq.com.br\/es\/wp-json\/wp\/v2\/media\/1110"}],"wp:attachment":[{"href":"https:\/\/cytoliq.com.br\/es\/wp-json\/wp\/v2\/media?parent=1838"}],"wp:term":[{"taxonomy":"product_brand","embeddable":true,"href":"https:\/\/cytoliq.com.br\/es\/wp-json\/wp\/v2\/product_brand?post=1838"},{"taxonomy":"product_cat","embeddable":true,"href":"https:\/\/cytoliq.com.br\/es\/wp-json\/wp\/v2\/product_cat?post=1838"},{"taxonomy":"product_tag","embeddable":true,"href":"https:\/\/cytoliq.com.br\/es\/wp-json\/wp\/v2\/product_tag?post=1838"}],"curies":[{"name":"wp","href":"https:\/\/api.w.org\/{rel}","templated":true}]}}