{"id":1837,"date":"2024-05-30T00:27:00","date_gmt":"2024-05-30T03:27:00","guid":{"rendered":"https:\/\/cytoliq.com.br\/loja\/sin categor\u00eda\/frasco-pop-de-recogida-citologica-no-ginecologico\/"},"modified":"2026-01-27T16:46:59","modified_gmt":"2026-01-27T19:46:59","slug":"frasco-pop-de-recogida-citologica-no-ginecologico","status":"publish","type":"product","link":"https:\/\/cytoliq.com.br\/es\/loja\/suministros-para-citologia\/frasco-de-recoleccion-citologica\/frasco-pop-de-recogida-citologica-no-ginecologico\/","title":{"rendered":"Frasco POP de recogida citol\u00f3gica &#8211; No ginecol\u00f3gico"},"content":{"rendered":"","protected":false},"excerpt":{"rendered":"<p>El frasco de recogida, transporte y almacenamiento CYTOLIQ es ideal para garantizar la integridad y calidad de las muestras en pruebas citol\u00f3gicas de base l\u00edquida. El frasco POP est\u00e1 dise\u00f1ado a prueba de fugas, lo que proporciona seguridad al manipular y transportar las muestras. Cada frasco contiene 12 ml de soluci\u00f3n fijadora espec\u00edfica para su uso en ginecolog\u00eda, lo que garantiza una conservaci\u00f3n \u00f3ptima de las c\u00e9lulas hasta el an\u00e1lisis.<\/p>\n","protected":false},"featured_media":1090,"comment_status":"open","ping_status":"closed","template":"","meta":[],"product_brand":[],"product_cat":[288],"product_tag":[306,238,236,325,324,239,327,319,326],"class_list":{"0":"post-1837","1":"product","2":"type-product","3":"status-publish","4":"has-post-thumbnail","6":"product_cat-frasco-de-recoleccion-citologica","7":"product_tag-base-de-maquillaje-liquida","8":"product_tag-citoliq","9":"product_tag-citologia-es","10":"product_tag-coleccion","11":"product_tag-frasco-es","12":"product_tag-medio-liquido","13":"product_tag-no-ginecologico","14":"product_tag-papanicolaou","15":"product_tag-pop-es","17":"first","18":"instock","19":"shipping-taxable","20":"purchasable","21":"product-type-simple"},"_links":{"self":[{"href":"https:\/\/cytoliq.com.br\/es\/wp-json\/wp\/v2\/product\/1837","targetHints":{"allow":["GET"]}}],"collection":[{"href":"https:\/\/cytoliq.com.br\/es\/wp-json\/wp\/v2\/product"}],"about":[{"href":"https:\/\/cytoliq.com.br\/es\/wp-json\/wp\/v2\/types\/product"}],"replies":[{"embeddable":true,"href":"https:\/\/cytoliq.com.br\/es\/wp-json\/wp\/v2\/comments?post=1837"}],"version-history":[{"count":0,"href":"https:\/\/cytoliq.com.br\/es\/wp-json\/wp\/v2\/product\/1837\/revisions"}],"wp:featuredmedia":[{"embeddable":true,"href":"https:\/\/cytoliq.com.br\/es\/wp-json\/wp\/v2\/media\/1090"}],"wp:attachment":[{"href":"https:\/\/cytoliq.com.br\/es\/wp-json\/wp\/v2\/media?parent=1837"}],"wp:term":[{"taxonomy":"product_brand","embeddable":true,"href":"https:\/\/cytoliq.com.br\/es\/wp-json\/wp\/v2\/product_brand?post=1837"},{"taxonomy":"product_cat","embeddable":true,"href":"https:\/\/cytoliq.com.br\/es\/wp-json\/wp\/v2\/product_cat?post=1837"},{"taxonomy":"product_tag","embeddable":true,"href":"https:\/\/cytoliq.com.br\/es\/wp-json\/wp\/v2\/product_tag?post=1837"}],"curies":[{"name":"wp","href":"https:\/\/api.w.org\/{rel}","templated":true}]}}