{"id":1835,"date":"2024-05-30T00:12:11","date_gmt":"2024-05-30T03:12:11","guid":{"rendered":"https:\/\/cytoliq.com.br\/loja\/sin%20categor\u00eda\/filtro-de-doble-membrana-cytofilter-duo\/"},"modified":"2026-01-27T16:47:05","modified_gmt":"2026-01-27T19:47:05","slug":"filtro-de-doble-membrana-cytofilter-duo","status":"publish","type":"product","link":"https:\/\/cytoliq.com.br\/es\/loja\/suministros-para-citologia\/filtros-para-citologia-es\/filtro-de-doble-membrana-cytofilter-duo\/","title":{"rendered":"Filtro de Doble Membrana CytoFilter DUO"},"content":{"rendered":"","protected":false},"excerpt":{"rendered":"<p>El filtro de doble membrana CytoFilter DUO est\u00e1 especialmente dise\u00f1ado para aplicaciones de citolog\u00eda de base l\u00edquida, ofreciendo un filtrado preciso y eficaz al presentar \u00fanicamente las c\u00e9lulas del portaobjetos. Este filtro es ideal para soluci\u00f3n ginecol\u00f3gica, fluidos corporales, moco y orina. Cada envase contiene 50 unidades, lo que garantiza un uso prolongado y constante en los laboratorios.<\/p>\n","protected":false},"featured_media":934,"comment_status":"open","ping_status":"closed","template":"","meta":[],"product_brand":[],"product_cat":[287],"product_tag":[306,238,236,320,321,318,322,323,239,319],"class_list":{"0":"post-1835","1":"product","2":"type-product","3":"status-publish","4":"has-post-thumbnail","6":"product_cat-filtros-para-citologia-es","7":"product_tag-base-de-maquillaje-liquida","8":"product_tag-citoliq","9":"product_tag-citologia-es","10":"product_tag-filtro-es","11":"product_tag-ginecologico-es-2","12":"product_tag-ginecologico-es","13":"product_tag-imprint-es","14":"product_tag-lamina-es","15":"product_tag-medio-liquido","16":"product_tag-papanicolaou","18":"first","19":"instock","20":"shipping-taxable","21":"purchasable","22":"product-type-simple"},"_links":{"self":[{"href":"https:\/\/cytoliq.com.br\/es\/wp-json\/wp\/v2\/product\/1835","targetHints":{"allow":["GET"]}}],"collection":[{"href":"https:\/\/cytoliq.com.br\/es\/wp-json\/wp\/v2\/product"}],"about":[{"href":"https:\/\/cytoliq.com.br\/es\/wp-json\/wp\/v2\/types\/product"}],"replies":[{"embeddable":true,"href":"https:\/\/cytoliq.com.br\/es\/wp-json\/wp\/v2\/comments?post=1835"}],"version-history":[{"count":1,"href":"https:\/\/cytoliq.com.br\/es\/wp-json\/wp\/v2\/product\/1835\/revisions"}],"predecessor-version":[{"id":2513,"href":"https:\/\/cytoliq.com.br\/es\/wp-json\/wp\/v2\/product\/1835\/revisions\/2513"}],"wp:featuredmedia":[{"embeddable":true,"href":"https:\/\/cytoliq.com.br\/es\/wp-json\/wp\/v2\/media\/934"}],"wp:attachment":[{"href":"https:\/\/cytoliq.com.br\/es\/wp-json\/wp\/v2\/media?parent=1835"}],"wp:term":[{"taxonomy":"product_brand","embeddable":true,"href":"https:\/\/cytoliq.com.br\/es\/wp-json\/wp\/v2\/product_brand?post=1835"},{"taxonomy":"product_cat","embeddable":true,"href":"https:\/\/cytoliq.com.br\/es\/wp-json\/wp\/v2\/product_cat?post=1835"},{"taxonomy":"product_tag","embeddable":true,"href":"https:\/\/cytoliq.com.br\/es\/wp-json\/wp\/v2\/product_tag?post=1835"}],"curies":[{"name":"wp","href":"https:\/\/api.w.org\/{rel}","templated":true}]}}