{"id":1833,"date":"2024-05-30T00:03:44","date_gmt":"2024-05-30T03:03:44","guid":{"rendered":"https:\/\/cytoliq.com.br\/loja\/sin categor\u00eda\/cepillo-de-recogida-cervical-ginecologica-cytopro\/"},"modified":"2026-01-27T16:47:08","modified_gmt":"2026-01-27T19:47:08","slug":"cepillo-de-recogida-cervical-ginecologica-cytopro","status":"publish","type":"product","link":"https:\/\/cytoliq.com.br\/es\/loja\/suministros-para-citologia\/cepillo-cytopro\/cepillo-de-recogida-cervical-ginecologica-cytopro\/","title":{"rendered":"Cepillo de Recogida Cervical Ginecol\u00f3gica CytoPRO"},"content":{"rendered":"","protected":false},"excerpt":{"rendered":"<p>CytoPro es un cepillo cervical ginecol\u00f3gico dise\u00f1ado por Cytoliq para optimizar la recogida de c\u00e9lulas cervicales en las pruebas de Papanicolaou mediante citolog\u00eda de base l\u00edquida. Con sus finas y delicadas cerdas en forma de flecha, el CytoPro garantiza un procedimiento m\u00e1s c\u00f3modo y eficaz para la paciente. El cepillo tiene una punta desmontable que garantiza la conservaci\u00f3n de todas las c\u00e9lulas recogidas hasta su an\u00e1lisis. El CytoPro realiza la recogida de forma \u00fanica, eliminando la necesidad del uso combinado de una esp\u00e1tula de ayre y un cepillo cervical tradicional (de tipo \u00abpino\u00bb). Caja con 50 unidades.<\/p>\n","protected":false},"featured_media":924,"comment_status":"open","ping_status":"closed","template":"","meta":[],"product_brand":[],"product_cat":[286],"product_tag":[306,316,317,238,236,318,239,319],"class_list":{"0":"post-1833","1":"product","2":"type-product","3":"status-publish","4":"has-post-thumbnail","6":"product_cat-cepillo-cytopro","7":"product_tag-base-de-maquillaje-liquida","8":"product_tag-cepillar","9":"product_tag-cervical-es","10":"product_tag-citoliq","11":"product_tag-citologia-es","12":"product_tag-ginecologico-es","13":"product_tag-medio-liquido","14":"product_tag-papanicolaou","16":"first","17":"instock","18":"shipping-taxable","19":"purchasable","20":"product-type-simple"},"_links":{"self":[{"href":"https:\/\/cytoliq.com.br\/es\/wp-json\/wp\/v2\/product\/1833","targetHints":{"allow":["GET"]}}],"collection":[{"href":"https:\/\/cytoliq.com.br\/es\/wp-json\/wp\/v2\/product"}],"about":[{"href":"https:\/\/cytoliq.com.br\/es\/wp-json\/wp\/v2\/types\/product"}],"replies":[{"embeddable":true,"href":"https:\/\/cytoliq.com.br\/es\/wp-json\/wp\/v2\/comments?post=1833"}],"version-history":[{"count":0,"href":"https:\/\/cytoliq.com.br\/es\/wp-json\/wp\/v2\/product\/1833\/revisions"}],"wp:featuredmedia":[{"embeddable":true,"href":"https:\/\/cytoliq.com.br\/es\/wp-json\/wp\/v2\/media\/924"}],"wp:attachment":[{"href":"https:\/\/cytoliq.com.br\/es\/wp-json\/wp\/v2\/media?parent=1833"}],"wp:term":[{"taxonomy":"product_brand","embeddable":true,"href":"https:\/\/cytoliq.com.br\/es\/wp-json\/wp\/v2\/product_brand?post=1833"},{"taxonomy":"product_cat","embeddable":true,"href":"https:\/\/cytoliq.com.br\/es\/wp-json\/wp\/v2\/product_cat?post=1833"},{"taxonomy":"product_tag","embeddable":true,"href":"https:\/\/cytoliq.com.br\/es\/wp-json\/wp\/v2\/product_tag?post=1833"}],"curies":[{"name":"wp","href":"https:\/\/api.w.org\/{rel}","templated":true}]}}