{"id":1823,"date":"2024-05-27T18:13:53","date_gmt":"2024-05-27T21:13:53","guid":{"rendered":"https:\/\/cytoliq.com.br\/loja\/sin categor\u00eda\/diluyente-ginecologico-cytobase\/"},"modified":"2026-04-15T15:33:10","modified_gmt":"2026-04-15T18:33:10","slug":"diluyente-ginecologico-cytobase","status":"publish","type":"product","link":"https:\/\/cytoliq.com.br\/es\/loja\/diluyentes-y-colorantes\/diluyente-ginecologico-cytobase\/","title":{"rendered":"Diluyente Ginecol\u00f3gico &#8211; CytoBase"},"content":{"rendered":"","protected":false},"excerpt":{"rendered":"<p>CytoBase, el diluyente ginecol\u00f3gico de CytoLiq, es un producto innovador desarrollado para optimizar la manipulaci\u00f3n de muestras citol\u00f3gicas de base l\u00edquida. Su funci\u00f3n principal es resuspender los sedimentos, haciendo que la muestra sea m\u00e1s homog\u00e9nea y facilitando procesos como la centrifugaci\u00f3n y la succi\u00f3n en el m\u00e9todo de impresi\u00f3n de portaobjetos. Este diluyente es esencial para los laboratorios que buscan eficacia y precisi\u00f3n en sus procedimientos citol\u00f3gicos.<\/p>\n","protected":false},"featured_media":2491,"comment_status":"open","ping_status":"closed","template":"","meta":[],"product_brand":[],"product_cat":[281],"product_tag":[238,236,313,314,315],"class_list":{"0":"post-1823","1":"product","2":"type-product","3":"status-publish","4":"has-post-thumbnail","6":"product_cat-diluyentes-y-colorantes","7":"product_tag-citoliq","8":"product_tag-citologia-es","9":"product_tag-diluente-es","10":"product_tag-diluir-es","11":"product_tag-fluidos-corporales","13":"first","14":"instock","15":"shipping-taxable","16":"purchasable","17":"product-type-variable"},"_links":{"self":[{"href":"https:\/\/cytoliq.com.br\/es\/wp-json\/wp\/v2\/product\/1823","targetHints":{"allow":["GET"]}}],"collection":[{"href":"https:\/\/cytoliq.com.br\/es\/wp-json\/wp\/v2\/product"}],"about":[{"href":"https:\/\/cytoliq.com.br\/es\/wp-json\/wp\/v2\/types\/product"}],"replies":[{"embeddable":true,"href":"https:\/\/cytoliq.com.br\/es\/wp-json\/wp\/v2\/comments?post=1823"}],"version-history":[{"count":0,"href":"https:\/\/cytoliq.com.br\/es\/wp-json\/wp\/v2\/product\/1823\/revisions"}],"wp:featuredmedia":[{"embeddable":true,"href":"https:\/\/cytoliq.com.br\/es\/wp-json\/wp\/v2\/media\/2491"}],"wp:attachment":[{"href":"https:\/\/cytoliq.com.br\/es\/wp-json\/wp\/v2\/media?parent=1823"}],"wp:term":[{"taxonomy":"product_brand","embeddable":true,"href":"https:\/\/cytoliq.com.br\/es\/wp-json\/wp\/v2\/product_brand?post=1823"},{"taxonomy":"product_cat","embeddable":true,"href":"https:\/\/cytoliq.com.br\/es\/wp-json\/wp\/v2\/product_cat?post=1823"},{"taxonomy":"product_tag","embeddable":true,"href":"https:\/\/cytoliq.com.br\/es\/wp-json\/wp\/v2\/product_tag?post=1823"}],"curies":[{"name":"wp","href":"https:\/\/api.w.org\/{rel}","templated":true}]}}