{"id":1819,"date":"2024-05-27T17:38:15","date_gmt":"2024-05-27T20:38:15","guid":{"rendered":"https:\/\/cytoliq.com.br\/loja\/sin%20categor\u00eda\/diluyente-de-fluidos-corporales-cytobase\/"},"modified":"2026-03-26T09:31:50","modified_gmt":"2026-03-26T12:31:50","slug":"diluyente-de-fluidos-corporales-cytobase","status":"publish","type":"product","link":"https:\/\/cytoliq.com.br\/es\/loja\/diluyentes-y-colorantes\/diluyente-de-fluidos-corporales-cytobase\/","title":{"rendered":"Diluyente de Fluidos Corporales &#8211; CytoBase"},"content":{"rendered":"","protected":false},"excerpt":{"rendered":"<p>CytoBase, el diluyente de fluidos corporales de CytoLiq, es una soluci\u00f3n dise\u00f1ada para optimizar la manipulaci\u00f3n de muestras citol\u00f3gicas procedentes de diversos fluidos corporales. Es ideal para pruebas PAAF (aspiraci\u00f3n con aguja fina) y an\u00e1lisis de muestras de mama, tiroides, ri\u00f1\u00f3n y mucosas, entre otras. Adem\u00e1s, este diluyente hace que la muestra sea m\u00e1s homog\u00e9nea, facilitando procesos de laboratorio como la centrifugaci\u00f3n y la aspiraci\u00f3n en el m\u00e9todo de impresi\u00f3n de portaobjetos.<\/p>\n","protected":false},"featured_media":2479,"comment_status":"open","ping_status":"closed","template":"","meta":[],"product_brand":[],"product_cat":[281],"product_tag":[238,236,313,314,315],"class_list":{"0":"post-1819","1":"product","2":"type-product","3":"status-publish","4":"has-post-thumbnail","6":"product_cat-diluyentes-y-colorantes","7":"product_tag-citoliq","8":"product_tag-citologia-es","9":"product_tag-diluente-es","10":"product_tag-diluir-es","11":"product_tag-fluidos-corporales","13":"first","14":"instock","15":"shipping-taxable","16":"purchasable","17":"product-type-variable"},"_links":{"self":[{"href":"https:\/\/cytoliq.com.br\/es\/wp-json\/wp\/v2\/product\/1819","targetHints":{"allow":["GET"]}}],"collection":[{"href":"https:\/\/cytoliq.com.br\/es\/wp-json\/wp\/v2\/product"}],"about":[{"href":"https:\/\/cytoliq.com.br\/es\/wp-json\/wp\/v2\/types\/product"}],"replies":[{"embeddable":true,"href":"https:\/\/cytoliq.com.br\/es\/wp-json\/wp\/v2\/comments?post=1819"}],"version-history":[{"count":1,"href":"https:\/\/cytoliq.com.br\/es\/wp-json\/wp\/v2\/product\/1819\/revisions"}],"predecessor-version":[{"id":1822,"href":"https:\/\/cytoliq.com.br\/es\/wp-json\/wp\/v2\/product\/1819\/revisions\/1822"}],"wp:featuredmedia":[{"embeddable":true,"href":"https:\/\/cytoliq.com.br\/es\/wp-json\/wp\/v2\/media\/2479"}],"wp:attachment":[{"href":"https:\/\/cytoliq.com.br\/es\/wp-json\/wp\/v2\/media?parent=1819"}],"wp:term":[{"taxonomy":"product_brand","embeddable":true,"href":"https:\/\/cytoliq.com.br\/es\/wp-json\/wp\/v2\/product_brand?post=1819"},{"taxonomy":"product_cat","embeddable":true,"href":"https:\/\/cytoliq.com.br\/es\/wp-json\/wp\/v2\/product_cat?post=1819"},{"taxonomy":"product_tag","embeddable":true,"href":"https:\/\/cytoliq.com.br\/es\/wp-json\/wp\/v2\/product_tag?post=1819"}],"curies":[{"name":"wp","href":"https:\/\/api.w.org\/{rel}","templated":true}]}}