{"id":1808,"date":"2024-05-27T18:37:24","date_gmt":"2024-05-27T21:37:24","guid":{"rendered":"https:\/\/cytoliq.com.br\/loja\/sin categor\u00eda\/colorante-hematoxilina-de-harris\/"},"modified":"2026-04-20T18:09:07","modified_gmt":"2026-04-20T21:09:07","slug":"colorante-hematoxilina-de-harris","status":"publish","type":"product","link":"https:\/\/cytoliq.com.br\/es\/loja\/diluyentes-y-colorantes\/colorante-hematoxilina-de-harris\/","title":{"rendered":"Colorante Hematoxilina de Harris"},"content":{"rendered":"","protected":false},"excerpt":{"rendered":"<p>El colorante Hematoxilina de Harris de CYTOLIQ es la opci\u00f3n ideal para los laboratorios que buscan calidad y eficacia en sus procesos histol\u00f3gicos. Fabricado con la m\u00e1xima calidad y cuidado, este colorante est\u00e1 formulado para proporcionar resultados excepcionales en citolog\u00eda de base l\u00edquida.<\/p>\n","protected":false},"featured_media":2448,"comment_status":"open","ping_status":"closed","template":"","meta":[],"product_brand":[],"product_cat":[281],"product_tag":[238,236,293,294,310,297],"class_list":{"0":"post-1808","1":"product","2":"type-product","3":"status-publish","4":"has-post-thumbnail","6":"product_cat-diluyentes-y-colorantes","7":"product_tag-citoliq","8":"product_tag-citologia-es","9":"product_tag-colorear","10":"product_tag-colorear-es","11":"product_tag-hematoxilina-harris","12":"product_tag-histologia-es","14":"first","15":"instock","16":"shipping-taxable","17":"purchasable","18":"product-type-variable"},"_links":{"self":[{"href":"https:\/\/cytoliq.com.br\/es\/wp-json\/wp\/v2\/product\/1808","targetHints":{"allow":["GET"]}}],"collection":[{"href":"https:\/\/cytoliq.com.br\/es\/wp-json\/wp\/v2\/product"}],"about":[{"href":"https:\/\/cytoliq.com.br\/es\/wp-json\/wp\/v2\/types\/product"}],"replies":[{"embeddable":true,"href":"https:\/\/cytoliq.com.br\/es\/wp-json\/wp\/v2\/comments?post=1808"}],"version-history":[{"count":0,"href":"https:\/\/cytoliq.com.br\/es\/wp-json\/wp\/v2\/product\/1808\/revisions"}],"wp:featuredmedia":[{"embeddable":true,"href":"https:\/\/cytoliq.com.br\/es\/wp-json\/wp\/v2\/media\/2448"}],"wp:attachment":[{"href":"https:\/\/cytoliq.com.br\/es\/wp-json\/wp\/v2\/media?parent=1808"}],"wp:term":[{"taxonomy":"product_brand","embeddable":true,"href":"https:\/\/cytoliq.com.br\/es\/wp-json\/wp\/v2\/product_brand?post=1808"},{"taxonomy":"product_cat","embeddable":true,"href":"https:\/\/cytoliq.com.br\/es\/wp-json\/wp\/v2\/product_cat?post=1808"},{"taxonomy":"product_tag","embeddable":true,"href":"https:\/\/cytoliq.com.br\/es\/wp-json\/wp\/v2\/product_tag?post=1808"}],"curies":[{"name":"wp","href":"https:\/\/api.w.org\/{rel}","templated":true}]}}