{"id":1804,"date":"2024-05-29T23:51:40","date_gmt":"2024-05-30T02:51:40","guid":{"rendered":"https:\/\/cytoliq.com.br\/loja\/sin%20categor\u00eda\/gradilla-cytoliq\/"},"modified":"2026-01-27T16:47:15","modified_gmt":"2026-01-27T19:47:15","slug":"gradilla-cytoliq","status":"publish","type":"product","link":"https:\/\/cytoliq.com.br\/es\/loja\/equipamientos\/metodo-manual-es\/gradilla-cytoliq\/","title":{"rendered":"Gradilla Cytoliq"},"content":{"rendered":"","protected":false},"excerpt":{"rendered":"<p>La gradilla CytoLiq es una soluci\u00f3n pr\u00e1ctica y eficaz para organizar portaobjetos de microscop\u00eda y viales de citolog\u00eda de base l\u00edquida. Dise\u00f1ada para optimizar el espacio y facilitar el flujo de trabajo en el laboratorio, esta gradilla es ideal para laboratorios que buscan eficiencia y practicidad a la hora de manipular sus muestras.<\/p>\n","protected":false},"featured_media":1156,"comment_status":"open","ping_status":"closed","template":"","meta":[],"product_brand":[],"product_cat":[234],"product_tag":[306,238,236,237,241,308,239,307],"class_list":{"0":"post-1804","1":"product","2":"type-product","3":"status-publish","4":"has-post-thumbnail","6":"product_cat-metodo-manual-es","7":"product_tag-base-de-maquillaje-liquida","8":"product_tag-citoliq","9":"product_tag-citologia-es","10":"product_tag-citologico","11":"product_tag-equipo-de-citologia","12":"product_tag-laminas-es","13":"product_tag-medio-liquido","14":"product_tag-rack-es","16":"first","17":"instock","18":"shipping-taxable","19":"purchasable","20":"product-type-simple"},"_links":{"self":[{"href":"https:\/\/cytoliq.com.br\/es\/wp-json\/wp\/v2\/product\/1804","targetHints":{"allow":["GET"]}}],"collection":[{"href":"https:\/\/cytoliq.com.br\/es\/wp-json\/wp\/v2\/product"}],"about":[{"href":"https:\/\/cytoliq.com.br\/es\/wp-json\/wp\/v2\/types\/product"}],"replies":[{"embeddable":true,"href":"https:\/\/cytoliq.com.br\/es\/wp-json\/wp\/v2\/comments?post=1804"}],"version-history":[{"count":1,"href":"https:\/\/cytoliq.com.br\/es\/wp-json\/wp\/v2\/product\/1804\/revisions"}],"predecessor-version":[{"id":1876,"href":"https:\/\/cytoliq.com.br\/es\/wp-json\/wp\/v2\/product\/1804\/revisions\/1876"}],"wp:featuredmedia":[{"embeddable":true,"href":"https:\/\/cytoliq.com.br\/es\/wp-json\/wp\/v2\/media\/1156"}],"wp:attachment":[{"href":"https:\/\/cytoliq.com.br\/es\/wp-json\/wp\/v2\/media?parent=1804"}],"wp:term":[{"taxonomy":"product_brand","embeddable":true,"href":"https:\/\/cytoliq.com.br\/es\/wp-json\/wp\/v2\/product_brand?post=1804"},{"taxonomy":"product_cat","embeddable":true,"href":"https:\/\/cytoliq.com.br\/es\/wp-json\/wp\/v2\/product_cat?post=1804"},{"taxonomy":"product_tag","embeddable":true,"href":"https:\/\/cytoliq.com.br\/es\/wp-json\/wp\/v2\/product_tag?post=1804"}],"curies":[{"name":"wp","href":"https:\/\/api.w.org\/{rel}","templated":true}]}}