{"id":1802,"date":"2024-05-28T18:30:26","date_gmt":"2024-05-28T21:30:26","guid":{"rendered":"https:\/\/cytoliq.com.br\/loja\/sin%20categor\u00eda\/procesador-de-laminas-cytoliq-impress-duo\/"},"modified":"2026-01-27T16:47:24","modified_gmt":"2026-01-27T19:47:24","slug":"procesador-de-laminas-cytoliq-impress-duo","status":"publish","type":"product","link":"https:\/\/cytoliq.com.br\/es\/loja\/equipamientos\/metodo-semiautomatico\/procesador-de-laminas-cytoliq-impress-duo\/","title":{"rendered":"Procesador de L\u00e1minas Cytoliq Impress Duo"},"content":{"rendered":"","protected":false},"excerpt":{"rendered":"<p>Cytoliq Impress Duo es el procesador semiautom\u00e1tico de citolog\u00eda de base l\u00edquida desarrollado por CYTOLIQ para elevar el nivel de precisi\u00f3n y eficacia en los ex\u00e1menes ginecol\u00f3gicos y no ginecol\u00f3gicos. Con una combinaci\u00f3n \u00fanica de tecnolog\u00eda y facilidad de uso, es la elecci\u00f3n ideal para laboratorios robustos que buscan maximizar su productividad sin comprometer la calidad.<\/p>\n","protected":false},"featured_media":882,"comment_status":"open","ping_status":"closed","template":"","meta":[],"product_brand":[],"product_cat":[283],"product_tag":[306,303,301,304,239,302,305],"class_list":{"0":"post-1802","1":"product","2":"type-product","3":"status-publish","4":"has-post-thumbnail","6":"product_cat-metodo-semiautomatico","7":"product_tag-base-de-maquillaje-liquida","8":"product_tag-citologia-liquida","9":"product_tag-equipo","10":"product_tag-impress-one-es","11":"product_tag-medio-liquido","12":"product_tag-procesador-de-laminas","13":"product_tag-sistema-citologico","15":"first","16":"instock","17":"shipping-taxable","18":"purchasable","19":"product-type-simple"},"_links":{"self":[{"href":"https:\/\/cytoliq.com.br\/es\/wp-json\/wp\/v2\/product\/1802","targetHints":{"allow":["GET"]}}],"collection":[{"href":"https:\/\/cytoliq.com.br\/es\/wp-json\/wp\/v2\/product"}],"about":[{"href":"https:\/\/cytoliq.com.br\/es\/wp-json\/wp\/v2\/types\/product"}],"replies":[{"embeddable":true,"href":"https:\/\/cytoliq.com.br\/es\/wp-json\/wp\/v2\/comments?post=1802"}],"version-history":[{"count":1,"href":"https:\/\/cytoliq.com.br\/es\/wp-json\/wp\/v2\/product\/1802\/revisions"}],"predecessor-version":[{"id":1872,"href":"https:\/\/cytoliq.com.br\/es\/wp-json\/wp\/v2\/product\/1802\/revisions\/1872"}],"wp:featuredmedia":[{"embeddable":true,"href":"https:\/\/cytoliq.com.br\/es\/wp-json\/wp\/v2\/media\/882"}],"wp:attachment":[{"href":"https:\/\/cytoliq.com.br\/es\/wp-json\/wp\/v2\/media?parent=1802"}],"wp:term":[{"taxonomy":"product_brand","embeddable":true,"href":"https:\/\/cytoliq.com.br\/es\/wp-json\/wp\/v2\/product_brand?post=1802"},{"taxonomy":"product_cat","embeddable":true,"href":"https:\/\/cytoliq.com.br\/es\/wp-json\/wp\/v2\/product_cat?post=1802"},{"taxonomy":"product_tag","embeddable":true,"href":"https:\/\/cytoliq.com.br\/es\/wp-json\/wp\/v2\/product_tag?post=1802"}],"curies":[{"name":"wp","href":"https:\/\/api.w.org\/{rel}","templated":true}]}}