{"id":1799,"date":"2024-05-29T17:22:07","date_gmt":"2024-05-29T20:22:07","guid":{"rendered":"https:\/\/cytoliq.com.br\/loja\/sin%20categor\u00eda\/centrifuga-para-citologia-cytoliq-clip-3\/"},"modified":"2026-01-27T16:47:17","modified_gmt":"2026-01-27T19:47:17","slug":"centrifuga-para-citologia-cytoliq-clip-3","status":"publish","type":"product","link":"https:\/\/cytoliq.com.br\/es\/loja\/equipamientos\/metodo-manual-es\/centrifuga-para-citologia-cytoliq-clip-3\/","title":{"rendered":"Centr\u00edfuga para Citolog\u00eda CytoLiq CLIP 3"},"content":{"rendered":"","protected":false},"excerpt":{"rendered":"<p>La citocentr\u00edfuga CytoLiq Clip 3 es un equipo de sobremesa dise\u00f1ado para satisfacer las demandas de los laboratorios modernos. Con un dise\u00f1o sofisticado y f\u00e1cil manejo, este equipo ofrece bajos niveles de ruido y alta precisi\u00f3n en sus operaciones. La CytoLiq Clip 3 es bivolt, tiene un panel LED y velocidad ajustable, proporcionando flexibilidad y eficiencia para diversas aplicaciones de laboratorio.<\/p>\n","protected":false},"featured_media":988,"comment_status":"open","ping_status":"closed","template":"","meta":[],"product_brand":[],"product_cat":[234],"product_tag":[235,299,238,236,237,300,241,239],"class_list":{"0":"post-1799","1":"product","2":"type-product","3":"status-publish","4":"has-post-thumbnail","6":"product_cat-metodo-manual-es","7":"product_tag-centrifugadora","8":"product_tag-citocentrifuga-es","9":"product_tag-citoliq","10":"product_tag-citologia-es","11":"product_tag-citologico","12":"product_tag-clip-3-es","13":"product_tag-equipo-de-citologia","14":"product_tag-medio-liquido","16":"first","17":"instock","18":"shipping-taxable","19":"purchasable","20":"product-type-simple"},"_links":{"self":[{"href":"https:\/\/cytoliq.com.br\/es\/wp-json\/wp\/v2\/product\/1799","targetHints":{"allow":["GET"]}}],"collection":[{"href":"https:\/\/cytoliq.com.br\/es\/wp-json\/wp\/v2\/product"}],"about":[{"href":"https:\/\/cytoliq.com.br\/es\/wp-json\/wp\/v2\/types\/product"}],"replies":[{"embeddable":true,"href":"https:\/\/cytoliq.com.br\/es\/wp-json\/wp\/v2\/comments?post=1799"}],"version-history":[{"count":1,"href":"https:\/\/cytoliq.com.br\/es\/wp-json\/wp\/v2\/product\/1799\/revisions"}],"predecessor-version":[{"id":1800,"href":"https:\/\/cytoliq.com.br\/es\/wp-json\/wp\/v2\/product\/1799\/revisions\/1800"}],"wp:featuredmedia":[{"embeddable":true,"href":"https:\/\/cytoliq.com.br\/es\/wp-json\/wp\/v2\/media\/988"}],"wp:attachment":[{"href":"https:\/\/cytoliq.com.br\/es\/wp-json\/wp\/v2\/media?parent=1799"}],"wp:term":[{"taxonomy":"product_brand","embeddable":true,"href":"https:\/\/cytoliq.com.br\/es\/wp-json\/wp\/v2\/product_brand?post=1799"},{"taxonomy":"product_cat","embeddable":true,"href":"https:\/\/cytoliq.com.br\/es\/wp-json\/wp\/v2\/product_cat?post=1799"},{"taxonomy":"product_tag","embeddable":true,"href":"https:\/\/cytoliq.com.br\/es\/wp-json\/wp\/v2\/product_tag?post=1799"}],"curies":[{"name":"wp","href":"https:\/\/api.w.org\/{rel}","templated":true}]}}