{"id":1792,"date":"2024-05-27T17:29:08","date_gmt":"2024-05-27T20:29:08","guid":{"rendered":"https:\/\/cytoliq.com.br\/loja\/sin%20categor\u00eda\/colorante-naranja-g-orange-g\/"},"modified":"2026-04-20T18:09:15","modified_gmt":"2026-04-20T21:09:15","slug":"colorante-naranja-g-orange-g","status":"publish","type":"product","link":"https:\/\/cytoliq.com.br\/es\/loja\/diluyentes-y-colorantes\/colorante-naranja-g-orange-g\/","title":{"rendered":"Colorante Naranja G (Orange G)"},"content":{"rendered":"","protected":false},"excerpt":{"rendered":"<p>El colorante Naranja G es un reactivo de alta calidad dise\u00f1ado espec\u00edficamente para su uso en diagn\u00f3stico in vitro. Este colorante es esencial en muchos procedimientos de laboratorio, especialmente en t\u00e9cnicas de tinci\u00f3n histol\u00f3gica y citol\u00f3gica, donde se utiliza para diferenciar estructuras celulares y tisulares.<\/p>\n","protected":false},"featured_media":826,"comment_status":"open","ping_status":"closed","template":"","meta":[],"product_brand":[],"product_cat":[281],"product_tag":[236,293,294,297,295,296],"class_list":{"0":"post-1792","1":"product","2":"type-product","3":"status-publish","4":"has-post-thumbnail","6":"product_cat-diluyentes-y-colorantes","7":"product_tag-citologia-es","8":"product_tag-colorear","9":"product_tag-colorear-es","10":"product_tag-histologia-es","11":"product_tag-naranja-g","12":"product_tag-naranja-g-es","14":"first","15":"instock","16":"shipping-taxable","17":"purchasable","18":"product-type-variable"},"_links":{"self":[{"href":"https:\/\/cytoliq.com.br\/es\/wp-json\/wp\/v2\/product\/1792","targetHints":{"allow":["GET"]}}],"collection":[{"href":"https:\/\/cytoliq.com.br\/es\/wp-json\/wp\/v2\/product"}],"about":[{"href":"https:\/\/cytoliq.com.br\/es\/wp-json\/wp\/v2\/types\/product"}],"replies":[{"embeddable":true,"href":"https:\/\/cytoliq.com.br\/es\/wp-json\/wp\/v2\/comments?post=1792"}],"version-history":[{"count":1,"href":"https:\/\/cytoliq.com.br\/es\/wp-json\/wp\/v2\/product\/1792\/revisions"}],"predecessor-version":[{"id":1795,"href":"https:\/\/cytoliq.com.br\/es\/wp-json\/wp\/v2\/product\/1792\/revisions\/1795"}],"wp:featuredmedia":[{"embeddable":true,"href":"https:\/\/cytoliq.com.br\/es\/wp-json\/wp\/v2\/media\/826"}],"wp:attachment":[{"href":"https:\/\/cytoliq.com.br\/es\/wp-json\/wp\/v2\/media?parent=1792"}],"wp:term":[{"taxonomy":"product_brand","embeddable":true,"href":"https:\/\/cytoliq.com.br\/es\/wp-json\/wp\/v2\/product_brand?post=1792"},{"taxonomy":"product_cat","embeddable":true,"href":"https:\/\/cytoliq.com.br\/es\/wp-json\/wp\/v2\/product_cat?post=1792"},{"taxonomy":"product_tag","embeddable":true,"href":"https:\/\/cytoliq.com.br\/es\/wp-json\/wp\/v2\/product_tag?post=1792"}],"curies":[{"name":"wp","href":"https:\/\/api.w.org\/{rel}","templated":true}]}}