{"id":1701,"date":"2024-05-29T16:56:25","date_gmt":"2024-05-29T19:56:25","guid":{"rendered":"https:\/\/cytoliq.com.br\/loja\/sin categor\u00eda\/centrifuga-citologica-spin-500\/"},"modified":"2026-01-27T16:47:19","modified_gmt":"2026-01-27T19:47:19","slug":"centrifuga-citologica-spin-500","status":"publish","type":"product","link":"https:\/\/cytoliq.com.br\/es\/loja\/equipamientos\/metodo-manual-es\/centrifuga-citologica-spin-500\/","title":{"rendered":"Centr\u00edfuga Citol\u00f3gica SPIN 500"},"content":{"rendered":"","protected":false},"excerpt":{"rendered":"<p>La Centr\u00edfuga Citol\u00f3gica CytoLiq Spin 500 es una centr\u00edfuga citol\u00f3gica de sobremesa creada a partir de una amplia investigaci\u00f3n y de la opini\u00f3n de expertos. Este equipo est\u00e1 dise\u00f1ado para ofrecer baja velocidad de rotaci\u00f3n, funcionamiento silencioso y alta precisi\u00f3n, todo ello en un dise\u00f1o f\u00e1cil de manejar. Con una gran variedad de opciones de rotores y capacidades de tubos, la centr\u00edfuga citol\u00f3gica CytoLiq Spin 500 es la elecci\u00f3n ideal para los laboratorios que buscan un rendimiento y una versatilidad superiores.<\/p>\n","protected":false},"featured_media":2973,"comment_status":"open","ping_status":"closed","template":"","meta":[],"product_brand":[],"product_cat":[234],"product_tag":[235,238,236,237,241,239,255],"class_list":{"0":"post-1701","1":"product","2":"type-product","3":"status-publish","4":"has-post-thumbnail","6":"product_cat-metodo-manual-es","7":"product_tag-centrifugadora","8":"product_tag-citoliq","9":"product_tag-citologia-es","10":"product_tag-citologico","11":"product_tag-equipo-de-citologia","12":"product_tag-medio-liquido","13":"product_tag-spin-500-es","15":"first","16":"instock","17":"virtual","18":"purchasable","19":"product-type-simple"},"_links":{"self":[{"href":"https:\/\/cytoliq.com.br\/es\/wp-json\/wp\/v2\/product\/1701","targetHints":{"allow":["GET"]}}],"collection":[{"href":"https:\/\/cytoliq.com.br\/es\/wp-json\/wp\/v2\/product"}],"about":[{"href":"https:\/\/cytoliq.com.br\/es\/wp-json\/wp\/v2\/types\/product"}],"replies":[{"embeddable":true,"href":"https:\/\/cytoliq.com.br\/es\/wp-json\/wp\/v2\/comments?post=1701"}],"version-history":[{"count":0,"href":"https:\/\/cytoliq.com.br\/es\/wp-json\/wp\/v2\/product\/1701\/revisions"}],"wp:featuredmedia":[{"embeddable":true,"href":"https:\/\/cytoliq.com.br\/es\/wp-json\/wp\/v2\/media\/2973"}],"wp:attachment":[{"href":"https:\/\/cytoliq.com.br\/es\/wp-json\/wp\/v2\/media?parent=1701"}],"wp:term":[{"taxonomy":"product_brand","embeddable":true,"href":"https:\/\/cytoliq.com.br\/es\/wp-json\/wp\/v2\/product_brand?post=1701"},{"taxonomy":"product_cat","embeddable":true,"href":"https:\/\/cytoliq.com.br\/es\/wp-json\/wp\/v2\/product_cat?post=1701"},{"taxonomy":"product_tag","embeddable":true,"href":"https:\/\/cytoliq.com.br\/es\/wp-json\/wp\/v2\/product_tag?post=1701"}],"curies":[{"name":"wp","href":"https:\/\/api.w.org\/{rel}","templated":true}]}}