{"id":1699,"date":"2024-05-28T18:58:14","date_gmt":"2024-05-28T21:58:14","guid":{"rendered":"https:\/\/cytoliq.com.br\/loja\/sin%20categor\u00eda\/centrifugadora-citologica-spin-450\/"},"modified":"2026-01-27T16:47:22","modified_gmt":"2026-01-27T19:47:22","slug":"centrifugadora-citologica-spin-450","status":"publish","type":"product","link":"https:\/\/cytoliq.com.br\/es\/loja\/equipamientos\/metodo-manual-es\/centrifugadora-citologica-spin-450\/","title":{"rendered":"Centrifugadora Citol\u00f3gica Spin 450"},"content":{"rendered":"","protected":false},"excerpt":{"rendered":"<p>La centrifugadora citol\u00f3gica de sobremesa CytoLiq Spin 450 es un aparato de baja velocidad, moderno, preciso y f\u00e1cil de usar. Dise\u00f1ado a partir de una investigaci\u00f3n detallada y la opini\u00f3n de expertos, el CytoLiq garantiza un rendimiento excepcional en los laboratorios de diagn\u00f3stico y en la investigaci\u00f3n de citolog\u00eda l\u00edquida. Con un panel LED intuitivo, velocidad ajustable y bajo nivel de ruido, esta centrifugadora es la elecci\u00f3n ideal para quienes buscan eficacia y precisi\u00f3n.<\/p>\n","protected":false},"featured_media":896,"comment_status":"open","ping_status":"closed","template":"","meta":[],"product_brand":[],"product_cat":[234],"product_tag":[235,238,236,237,241,240,239],"class_list":{"0":"post-1699","1":"product","2":"type-product","3":"status-publish","4":"has-post-thumbnail","6":"product_cat-metodo-manual-es","7":"product_tag-centrifugadora","8":"product_tag-citoliq","9":"product_tag-citologia-es","10":"product_tag-citologico","11":"product_tag-equipo-de-citologia","12":"product_tag-giro-450","13":"product_tag-medio-liquido","15":"first","16":"instock","17":"shipping-taxable","18":"purchasable","19":"product-type-simple"},"_links":{"self":[{"href":"https:\/\/cytoliq.com.br\/es\/wp-json\/wp\/v2\/product\/1699","targetHints":{"allow":["GET"]}}],"collection":[{"href":"https:\/\/cytoliq.com.br\/es\/wp-json\/wp\/v2\/product"}],"about":[{"href":"https:\/\/cytoliq.com.br\/es\/wp-json\/wp\/v2\/types\/product"}],"replies":[{"embeddable":true,"href":"https:\/\/cytoliq.com.br\/es\/wp-json\/wp\/v2\/comments?post=1699"}],"version-history":[{"count":1,"href":"https:\/\/cytoliq.com.br\/es\/wp-json\/wp\/v2\/product\/1699\/revisions"}],"predecessor-version":[{"id":1874,"href":"https:\/\/cytoliq.com.br\/es\/wp-json\/wp\/v2\/product\/1699\/revisions\/1874"}],"wp:featuredmedia":[{"embeddable":true,"href":"https:\/\/cytoliq.com.br\/es\/wp-json\/wp\/v2\/media\/896"}],"wp:attachment":[{"href":"https:\/\/cytoliq.com.br\/es\/wp-json\/wp\/v2\/media?parent=1699"}],"wp:term":[{"taxonomy":"product_brand","embeddable":true,"href":"https:\/\/cytoliq.com.br\/es\/wp-json\/wp\/v2\/product_brand?post=1699"},{"taxonomy":"product_cat","embeddable":true,"href":"https:\/\/cytoliq.com.br\/es\/wp-json\/wp\/v2\/product_cat?post=1699"},{"taxonomy":"product_tag","embeddable":true,"href":"https:\/\/cytoliq.com.br\/es\/wp-json\/wp\/v2\/product_tag?post=1699"}],"curies":[{"name":"wp","href":"https:\/\/api.w.org\/{rel}","templated":true}]}}